{"id":86,"date":"2024-10-01T12:10:42","date_gmt":"2024-10-01T12:10:42","guid":{"rendered":"https:\/\/inchauspe-bs.com\/?page_id=86"},"modified":"2026-02-04T17:08:27","modified_gmt":"2026-02-04T17:08:27","slug":"contacto","status":"publish","type":"page","link":"https:\/\/inchauspe-bs.com\/index.php\/contacto\/","title":{"rendered":"Contacto"},"content":{"rendered":"\n[et_pb_section fb_built=\u00bb1&#8243; admin_label=\u00bbHero\u00bb _builder_version=\u00bb4.24.3&#8243; _module_preset=\u00bbdefault\u00bb use_background_color_gradient=\u00bbon\u00bb background_color_gradient_direction=\u00bb148deg\u00bb background_color_gradient_stops=\u00bb#ffffff 50%|rgba(255,255,255,0.85) 75%|rgba(255,255,255,0.36) 100%\u00bb background_color_gradient_overlays_image=\u00bbon\u00bb background_color_gradient_start=\u00bbrgba(0,0,0,0.5)\u00bb background_color_gradient_end=\u00bbrgba(0,0,0,0.75)\u00bb background_image=\u00bbhttps:\/\/images.unsplash.com\/photo-1467664631004-58beab1ece0d?ixid=M3w1ODkyNzF8MHwxfHNlYXJjaHwyfHxidXNpbmVzcyUyMG1lZXRpbmd8ZW58MHwwfHx8MTcyNzc1OTE5OXww&#038;ixlib=rb-4.0.3&#038;fm=webp&#038;fit=crop&#038;crop=entropy&#038;w=1920&#038;h=1080&#038;q=20&#038;dpr=2&#8243; custom_padding=\u00bb||||false|false\u00bb locked=\u00bboff\u00bb collapsed=\u00bbon\u00bb global_colors_info=\u00bb{}\u00bb][et_pb_row column_structure=\u00bb1_2,1_2&#8243; _builder_version=\u00bb4.24.2&#8243; _module_preset=\u00bb5138c454-be54-4233-bd3b-f8e6a8747976&#8243; locked=\u00bboff\u00bb global_colors_info=\u00bb{}\u00bb][et_pb_column type=\u00bb1_2&#8243; _builder_version=\u00bb4.23.1&#8243; _module_preset=\u00bb73121f80-a3ef-4484-8763-c3f18e3c56d2&#8243; global_colors_info=\u00bb{}\u00bb][et_pb_heading title=\u00bbCon\u00e9ctate con INCHAUSPE\u00bb _builder_version=\u00bb4.24.2&#8243; _module_preset=\u00bbf0c675ea-2574-4d0e-b725-30f8550a8550&#8243; title_text_color=\u00bbgcid-primary-color\u00bb locked=\u00bboff\u00bb global_colors_info=\u00bb{%22gcid-primary-color%22:%91%22title_text_color%22%93}\u00bb][\/et_pb_heading][et_pb_heading title=\u00bbEstamos Aqu\u00ed para Ayudarte\u00bb _builder_version=\u00bb4.27.0&#8243; _module_preset=\u00bbddeb8c09-9078-4424-bc15-2efb6572e28e\u00bb title_text_color=\u00bbgcid-body-color\u00bb locked=\u00bboff\u00bb global_colors_info=\u00bb{%22gcid-body-color%22:%91%22title_text_color%22%93}\u00bb][\/et_pb_heading][et_pb_text _builder_version=\u00bb4.24.2&#8243; _module_preset=\u00bb2c55a9c4-feed-423b-9edb-ae0b5b365cac\u00bb locked=\u00bboff\u00bb global_colors_info=\u00bb{}\u00bb]<p>Descubre c\u00f3mo nuestros servicios pueden impulsar tu negocio. Cont\u00e1ctanos para m\u00e1s informaci\u00f3n.<\/p>[\/et_pb_text][et_pb_button button_text=\u00bbCont\u00e1ctanos Ahora\u00bb button_alignment=\u00bbcenter\u00bb _builder_version=\u00bb4.27.0&#8243; _module_preset=\u00bb1bffc0fc-42a0-49d1-bd9a-ae3ade2d7206&#8243; button_bg_color=\u00bbgcid-secondary-color\u00bb custom_margin=\u00bb134px|||||\u00bb locked=\u00bboff\u00bb global_colors_info=\u00bb{%22gcid-secondary-color%22:%91%22button_bg_color%22%93}\u00bb][\/et_pb_button][\/et_pb_column][et_pb_column type=\u00bb1_2&#8243; _builder_version=\u00bb4.23.1&#8243; _module_preset=\u00bb73121f80-a3ef-4484-8763-c3f18e3c56d2&#8243; global_colors_info=\u00bb{}\u00bb][et_pb_image src=\u00bbhttps:\/\/images.unsplash.com\/photo-1511376979163-f804dff7ad7b?ixid=M3w1ODkyNzF8MHwxfHNlYXJjaHw5fHx0ZWFtJTIwY29sbGFib3JhdGlvbnxlbnwwfDF8fHwxNzI3NzA0MzY5fDA&#038;ixlib=rb-4.0.3&#038;fm=webp&#038;fit=crop&#038;crop=entropy&#038;w=800&#038;h=1080&#038;q=20&#038;dpr=2&#8243; title_text=\u00bb800&#215;1080&#8243; _builder_version=\u00bb4.25.2&#8243; _module_preset=\u00bb1cc6152f-565c-4c4d-b0c9-cf8c9576c341&#8243; box_shadow_style=\u00bbpreset4&#8243; box_shadow_horizontal=\u00bb0px\u00bb box_shadow_vertical=\u00bb24px\u00bb box_shadow_blur=\u00bb72px\u00bb box_shadow_spread=\u00bb-12px\u00bb locked=\u00bboff\u00bb global_colors_info=\u00bb{}\u00bb][\/et_pb_image][\/et_pb_column][\/et_pb_row][\/et_pb_section][et_pb_section fb_built=\u00bb1&#8243; admin_label=\u00bbContact Info\u00bb _builder_version=\u00bb4.25.1&#8243; _module_preset=\u00bbdefault\u00bb collapsed=\u00bbon\u00bb global_colors_info=\u00bb{}\u00bb][et_pb_row column_structure=\u00bb1_3,1_3,1_3&#8243; make_equal=\u00bbon\u00bb _builder_version=\u00bb4.25.1&#8243; _module_preset=\u00bbdefault\u00bb global_colors_info=\u00bb{}\u00bb][et_pb_column type=\u00bb1_3&#8243; _builder_version=\u00bb4.25.1&#8243; _module_preset=\u00bb50607da8-57bc-4d4b-aaef-f02e41c2cc4a\u00bb global_colors_info=\u00bb{}\u00bb][et_pb_blurb title=\u00bbtel\u00e9fono\u00bb use_icon=\u00bbon\u00bb font_icon=\u00bb&#xe090;||divi||400&#8243; icon_color=\u00bb#E09900&#8243; icon_alignment=\u00bbcenter\u00bb module_class=\u00bbai_ignore_all\u00bb _builder_version=\u00bb4.27.2&#8243; _module_preset=\u00bb212b201d-2c34-41bd-936c-851b7357d08b\u00bb header_text_color=\u00bbgcid-body-color\u00bb text_orientation=\u00bbcenter\u00bb hover_enabled=\u00bb0&#8243; global_colors_info=\u00bb{%22gcid-primary-color%22:%91%22icon_color%22,%22body_link_text_color%22,%22icon_color%22,%22body_link_text_color%22,%22icon_color%22,%22body_link_text_color%22,%22body_link_text_color%22%93,%22gcid-body-color%22:%91%22body_text_color%22,%22header_text_color%22%93}\u00bb sticky_enabled=\u00bb0&#8243;]<p>+34 651 66 14 88<\/p>[\/et_pb_blurb][\/et_pb_column][et_pb_column type=\u00bb1_3&#8243; _builder_version=\u00bb4.25.1&#8243; _module_preset=\u00bb50607da8-57bc-4d4b-aaef-f02e41c2cc4a\u00bb global_colors_info=\u00bb{}\u00bb][et_pb_blurb title=\u00bbEmail\u00bb use_icon=\u00bbon\u00bb font_icon=\u00bb&#xf0e0;||fa||900&#8243; icon_color=\u00bb#E09900&#8243; icon_alignment=\u00bbcenter\u00bb module_class=\u00bbai_ignore_all\u00bb _builder_version=\u00bb4.27.0&#8243; _module_preset=\u00bb212b201d-2c34-41bd-936c-851b7357d08b\u00bb header_text_color=\u00bbgcid-body-color\u00bb text_orientation=\u00bbcenter\u00bb locked=\u00bboff\u00bb global_colors_info=\u00bb{%22gcid-primary-color%22:%91%22icon_color%22,%22body_link_text_color%22,%22body_link_text_color%22%93,%22gcid-body-color%22:%91%22body_text_color%22,%22header_text_color%22%93}\u00bb]<p><a href=\"mailto:contacto@inchauspe.com\">contacto@inchauspe.com<\/a><\/p>[\/et_pb_blurb][\/et_pb_column][et_pb_column type=\u00bb1_3&#8243; _builder_version=\u00bb4.25.1&#8243; _module_preset=\u00bb50607da8-57bc-4d4b-aaef-f02e41c2cc4a\u00bb global_colors_info=\u00bb{}\u00bb][et_pb_blurb title=\u00bbdirecci\u00f3n\u00bb use_icon=\u00bbon\u00bb font_icon=\u00bb&#xf3c5;||fa||900&#8243; icon_color=\u00bb#E09900&#8243; icon_alignment=\u00bbcenter\u00bb module_class=\u00bbai_ignore_all\u00bb _builder_version=\u00bb4.27.2&#8243; _module_preset=\u00bb212b201d-2c34-41bd-936c-851b7357d08b\u00bb header_text_color=\u00bbgcid-body-color\u00bb text_orientation=\u00bbcenter\u00bb locked=\u00bboff\u00bb global_colors_info=\u00bb{%22gcid-primary-color%22:%91%22body_link_text_color%22,%22body_link_text_color%22%93,%22gcid-heading-color%22:%91%22header_text_color%22%93,%22gcid-body-color%22:%91%22body_text_color%22,%22body_text_color%22,%22header_text_color%22%93}\u00bb]<p>Calle Llauradors, 19<\/p>\n<p>Esc. 1, 1\u00baD<\/p>\n<p>03560 El Campello (Alicante)<\/p>[\/et_pb_blurb][\/et_pb_column][\/et_pb_row][\/et_pb_section][et_pb_section fb_built=\u00bb1&#8243; admin_label=\u00bbContact\u00bb _builder_version=\u00bb4.16&#8243; _module_preset=\u00bbdefault\u00bb locked=\u00bboff\u00bb collapsed=\u00bbon\u00bb global_colors_info=\u00bb{}\u00bb][et_pb_row column_structure=\u00bb1_3,1_3,1_3&#8243; _builder_version=\u00bb4.16&#8243; _module_preset=\u00bb5138c454-be54-4233-bd3b-f8e6a8747976&#8243; global_colors_info=\u00bb{}\u00bb][et_pb_column type=\u00bb1_3&#8243; _builder_version=\u00bb4.16&#8243; _module_preset=\u00bb73121f80-a3ef-4484-8763-c3f18e3c56d2&#8243; global_colors_info=\u00bb{}\u00bb][et_pb_heading title=\u00bbEnv\u00edanos tu Consulta\u00bb _builder_version=\u00bb4.24.3&#8243; _module_preset=\u00bbf0c675ea-2574-4d0e-b725-30f8550a8550&#8243; title_level=\u00bbh1&#8243; title_text_color=\u00bbgcid-primary-color\u00bb locked=\u00bboff\u00bb global_colors_info=\u00bb{%22gcid-primary-color%22:%91%22title_text_color%22%93}\u00bb][\/et_pb_heading][et_pb_heading title=\u00bbFormulario de Contacto\u00bb _builder_version=\u00bb4.27.0&#8243; _module_preset=\u00bbc33f07d9-41e0-421a-8799-5799df695cce\u00bb title_level=\u00bbh1&#8243; title_text_color=\u00bbgcid-body-color\u00bb locked=\u00bboff\u00bb global_colors_info=\u00bb{%22gcid-body-color%22:%91%22title_text_color%22%93}\u00bb][\/et_pb_heading][et_pb_text _builder_version=\u00bb4.24.3&#8243; _module_preset=\u00bb2c55a9c4-feed-423b-9edb-ae0b5b365cac\u00bb locked=\u00bboff\u00bb global_colors_info=\u00bb{}\u00bb]<p>Completa el siguiente formulario y nos pondremos en contacto contigo a la brevedad.<\/p>[\/et_pb_text][\/et_pb_column][et_pb_column type=\u00bb1_3&#8243; _builder_version=\u00bb4.16&#8243; _module_preset=\u00bb73121f80-a3ef-4484-8763-c3f18e3c56d2&#8243; global_colors_info=\u00bb{}\u00bb][et_pb_blurb title=\u00bbDirecci\u00f3n\u00bb use_icon=\u00bbon\u00bb font_icon=\u00bb&#xe081;||divi||400&#8243; icon_color=\u00bb#E09900&#8243; module_class=\u00bbai_ignore_all\u00bb _builder_version=\u00bb4.27.2&#8243; _module_preset=\u00bb1ea53d41-9439-472c-8d8b-7bddb3bf9444&#8243; header_text_color=\u00bbgcid-body-color\u00bb global_colors_info=\u00bb{%22gcid-body-color%22:%91%22body_text_color%22,%22body_text_color%22,%22header_text_color%22%93,%22gcid-heading-color%22:%91%22header_text_color%22%93,%22gcid-primary-color%22:%91%22body_link_text_color%22,%22body_link_text_color%22%93}\u00bb]<p>Av. de la Empresa 123, Oficina 456, Ciudad de Negocios, CP 78910<\/p>[\/et_pb_blurb][et_pb_blurb title=\u00bbtel\u00e9fono\u00bb use_icon=\u00bbon\u00bb font_icon=\u00bb&#xe090;||divi||400&#8243; icon_color=\u00bb#E09900&#8243; module_class=\u00bbai_ignore_all\u00bb _builder_version=\u00bb4.27.2&#8243; _module_preset=\u00bb1ea53d41-9439-472c-8d8b-7bddb3bf9444&#8243; header_text_color=\u00bbgcid-body-color\u00bb hover_enabled=\u00bb0&#8243; global_colors_info=\u00bb{%22gcid-body-color%22:%91%22body_text_color%22,%22body_text_color%22,%22header_text_color%22%93,%22gcid-heading-color%22:%91%22header_text_color%22%93,%22gcid-primary-color%22:%91%22body_link_text_color%22,%22body_link_text_color%22%93}\u00bb sticky_enabled=\u00bb0&#8243;]<p>+34 651 66 14 88<\/p>[\/et_pb_blurb][et_pb_blurb title=\u00bbEmail\u00bb use_icon=\u00bbon\u00bb font_icon=\u00bb&#xf0e0;||fa||900&#8243; icon_color=\u00bb#E09900&#8243; module_class=\u00bbai_ignore_all\u00bb _builder_version=\u00bb4.27.2&#8243; _module_preset=\u00bb1ea53d41-9439-472c-8d8b-7bddb3bf9444&#8243; header_text_color=\u00bbgcid-body-color\u00bb global_colors_info=\u00bb{%22gcid-body-color%22:%91%22body_text_color%22,%22body_text_color%22,%22header_text_color%22%93,%22gcid-heading-color%22:%91%22header_text_color%22%93,%22gcid-primary-color%22:%91%22body_link_text_color%22,%22body_link_text_color%22%93}\u00bb]<p><a href=\"mailto:contacto@inchauspe.com\">info@inchauspe.com<\/a><\/p>[\/et_pb_blurb][\/et_pb_column][et_pb_column type=\u00bb1_3&#8243; _builder_version=\u00bb4.16&#8243; _module_preset=\u00bb73121f80-a3ef-4484-8763-c3f18e3c56d2&#8243; global_colors_info=\u00bb{}\u00bb][et_pb_contact_form captcha=\u00bboff\u00bb _builder_version=\u00bb4.27.2&#8243; _module_preset=\u00bb347de7c5-8eec-4fb2-89ad-e07c220a4ead\u00bb button_bg_color=\u00bb#E09900&#8243; locked=\u00bboff\u00bb global_colors_info=\u00bb{%22gcid-828accbb-1ed2-407d-95be-20ab4e191566%22:%91%22border_color_all%22%93,%22gcid-body-color%22:%91%22form_field_text_color%22%93,%22gcid-heading-color%22:%91%22title_text_color%22%93}\u00bb][et_pb_contact_field field_id=\u00bbName\u00bb field_title=\u00bbNombre\u00bb fullwidth_field=\u00bbon\u00bb _builder_version=\u00bb4.27.0&#8243; _module_preset=\u00bbdefault\u00bb global_colors_info=\u00bb{}\u00bb button_text_size__hover_enabled=\u00bboff\u00bb button_one_text_size__hover_enabled=\u00bboff\u00bb button_two_text_size__hover_enabled=\u00bboff\u00bb button_text_color__hover_enabled=\u00bboff\u00bb button_one_text_color__hover_enabled=\u00bboff\u00bb button_two_text_color__hover_enabled=\u00bboff\u00bb button_border_width__hover_enabled=\u00bboff\u00bb button_one_border_width__hover_enabled=\u00bboff\u00bb button_two_border_width__hover_enabled=\u00bboff\u00bb button_border_color__hover_enabled=\u00bboff\u00bb button_one_border_color__hover_enabled=\u00bboff\u00bb button_two_border_color__hover_enabled=\u00bboff\u00bb button_border_radius__hover_enabled=\u00bboff\u00bb button_one_border_radius__hover_enabled=\u00bboff\u00bb button_two_border_radius__hover_enabled=\u00bboff\u00bb button_letter_spacing__hover_enabled=\u00bboff\u00bb button_one_letter_spacing__hover_enabled=\u00bboff\u00bb button_two_letter_spacing__hover_enabled=\u00bboff\u00bb button_bg_color__hover_enabled=\u00bboff\u00bb button_one_bg_color__hover_enabled=\u00bboff\u00bb button_two_bg_color__hover_enabled=\u00bboff\u00bb][\/et_pb_contact_field][et_pb_contact_field field_id=\u00bbEmail\u00bb field_title=\u00bbEmail Address\u00bb field_type=\u00bbemail\u00bb fullwidth_field=\u00bbon\u00bb _builder_version=\u00bb4.18.0&#8243; _module_preset=\u00bbdefault\u00bb global_colors_info=\u00bb{}\u00bb button_text_size__hover_enabled=\u00bboff\u00bb button_one_text_size__hover_enabled=\u00bboff\u00bb button_two_text_size__hover_enabled=\u00bboff\u00bb button_text_color__hover_enabled=\u00bboff\u00bb button_one_text_color__hover_enabled=\u00bboff\u00bb button_two_text_color__hover_enabled=\u00bboff\u00bb button_border_width__hover_enabled=\u00bboff\u00bb button_one_border_width__hover_enabled=\u00bboff\u00bb button_two_border_width__hover_enabled=\u00bboff\u00bb button_border_color__hover_enabled=\u00bboff\u00bb button_one_border_color__hover_enabled=\u00bboff\u00bb button_two_border_color__hover_enabled=\u00bboff\u00bb button_border_radius__hover_enabled=\u00bboff\u00bb button_one_border_radius__hover_enabled=\u00bboff\u00bb button_two_border_radius__hover_enabled=\u00bboff\u00bb button_letter_spacing__hover_enabled=\u00bboff\u00bb button_one_letter_spacing__hover_enabled=\u00bboff\u00bb button_two_letter_spacing__hover_enabled=\u00bboff\u00bb button_bg_color__hover_enabled=\u00bboff\u00bb button_one_bg_color__hover_enabled=\u00bboff\u00bb button_two_bg_color__hover_enabled=\u00bboff\u00bb][\/et_pb_contact_field][et_pb_contact_field field_id=\u00bbMessage\u00bb field_title=\u00bbMensaje\u00bb field_type=\u00bbtext\u00bb fullwidth_field=\u00bbon\u00bb _builder_version=\u00bb4.27.0&#8243; _module_preset=\u00bbdefault\u00bb custom_margin=\u00bb||20px||false|false\u00bb global_colors_info=\u00bb{}\u00bb button_text_size__hover_enabled=\u00bboff\u00bb button_one_text_size__hover_enabled=\u00bboff\u00bb button_two_text_size__hover_enabled=\u00bboff\u00bb button_text_color__hover_enabled=\u00bboff\u00bb button_one_text_color__hover_enabled=\u00bboff\u00bb button_two_text_color__hover_enabled=\u00bboff\u00bb button_border_width__hover_enabled=\u00bboff\u00bb button_one_border_width__hover_enabled=\u00bboff\u00bb button_two_border_width__hover_enabled=\u00bboff\u00bb button_border_color__hover_enabled=\u00bboff\u00bb button_one_border_color__hover_enabled=\u00bboff\u00bb button_two_border_color__hover_enabled=\u00bboff\u00bb button_border_radius__hover_enabled=\u00bboff\u00bb button_one_border_radius__hover_enabled=\u00bboff\u00bb button_two_border_radius__hover_enabled=\u00bboff\u00bb button_letter_spacing__hover_enabled=\u00bboff\u00bb button_one_letter_spacing__hover_enabled=\u00bboff\u00bb button_two_letter_spacing__hover_enabled=\u00bboff\u00bb button_bg_color__hover_enabled=\u00bboff\u00bb button_one_bg_color__hover_enabled=\u00bboff\u00bb button_two_bg_color__hover_enabled=\u00bboff\u00bb][\/et_pb_contact_field][\/et_pb_contact_form][\/et_pb_column][\/et_pb_row][\/et_pb_section][et_pb_section fb_built=\u00bb1&#8243; admin_label=\u00bbSocial Media\u00bb _builder_version=\u00bb4.18.0&#8243; _module_preset=\u00bbdefault\u00bb collapsed=\u00bbon\u00bb global_colors_info=\u00bb{}\u00bb][et_pb_row _builder_version=\u00bb4.18.0&#8243; _module_preset=\u00bb5138c454-be54-4233-bd3b-f8e6a8747976&#8243; global_colors_info=\u00bb{}\u00bb][et_pb_column type=\u00bb4_4&#8243; _builder_version=\u00bb4.18.0&#8243; _module_preset=\u00bb73121f80-a3ef-4484-8763-c3f18e3c56d2&#8243; global_colors_info=\u00bb{}\u00bb][et_pb_heading title=\u00bbS\u00edguenos en Redes Sociales\u00bb _builder_version=\u00bb4.27.0&#8243; _module_preset=\u00bbc33f07d9-41e0-421a-8799-5799df695cce\u00bb title_text_align=\u00bbcenter\u00bb title_text_color=\u00bbgcid-body-color\u00bb locked=\u00bboff\u00bb global_colors_info=\u00bb{%22gcid-body-color%22:%91%22title_text_color%22%93}\u00bb][\/et_pb_heading][et_pb_social_media_follow _builder_version=\u00bb4.24.3&#8243; _module_preset=\u00bb7be8c617-29e2-41c9-9434-040d91366c53&#8243; text_orientation=\u00bbcenter\u00bb global_colors_info=\u00bb{}\u00bb][et_pb_social_media_follow_network social_network=\u00bbfacebook\u00bb _builder_version=\u00bb4.18.0&#8243; _module_preset=\u00bbf1dd5e12-c7bf-49b7-b6fd-e07d76a0a965&#8243; follow_button=\u00bboff\u00bb url_new_window=\u00bbon\u00bb]<a href=\"https:\/\/www.facebook.com\/inchauspe\">Facebook<\/a> &#8211; 5,000 seguidores[\/et_pb_social_media_follow_network][et_pb_social_media_follow_network social_network=\u00bbtwitter\u00bb _builder_version=\u00bb4.18.0&#8243; _module_preset=\u00bbf1dd5e12-c7bf-49b7-b6fd-e07d76a0a965&#8243; follow_button=\u00bboff\u00bb url_new_window=\u00bbon\u00bb]<a href=\"https:\/\/www.twitter.com\/inchauspe\">Twitter<\/a> &#8211; 3,200 seguidores[\/et_pb_social_media_follow_network][et_pb_social_media_follow_network social_network=\u00bbinstagram\u00bb _builder_version=\u00bb4.18.0&#8243; _module_preset=\u00bbf1dd5e12-c7bf-49b7-b6fd-e07d76a0a965&#8243; follow_button=\u00bboff\u00bb url_new_window=\u00bbon\u00bb]<a href=\"https:\/\/www.instagram.com\/inchauspe\">Instagram<\/a> &#8211; 4,800 seguidores[\/et_pb_social_media_follow_network][\/et_pb_social_media_follow][\/et_pb_column][\/et_pb_row][\/et_pb_section]\n","protected":false},"excerpt":{"rendered":"<p>Descubre c\u00f3mo nuestros servicios pueden impulsar tu negocio. Cont\u00e1ctanos para m\u00e1s informaci\u00f3n.+34 651 66 14 88contacto@inchauspe.comCalle Llauradors, 19 Esc. 1, 1\u00baD 03560 El Campello (Alicante)Completa el siguiente formulario y nos pondremos en contacto contigo a la brevedad.Av. de la Empresa 123, Oficina 456, Ciudad de Negocios, CP 78910+34 651 66 14 88info@inchauspe.com<\/p>\n","protected":false},"author":1,"featured_media":0,"parent":0,"menu_order":0,"comment_status":"closed","ping_status":"closed","template":"","meta":{"_et_pb_use_builder":"on","_et_pb_old_content":"","_et_gb_content_width":"","footnotes":""},"class_list":["post-86","page","type-page","status-publish","hentry"],"yoast_head":"<!-- This site is optimized with the Yoast SEO plugin v26.9 - https:\/\/yoast.com\/product\/yoast-seo-wordpress\/ -->\n<title>Contacta con INCHAUSPE | Consultor\u00eda estrat\u00e9gica<\/title>\n<meta name=\"description\" content=\"\u00bfQuieres impulsar tu negocio? Contacta con INCHAUSPE Business Services y agenda una reuni\u00f3n para valorar c\u00f3mo podemos ayudarte a crecer y mejorar tu empresa\" \/>\n<meta name=\"robots\" content=\"index, follow, max-snippet:-1, max-image-preview:large, max-video-preview:-1\" \/>\n<link rel=\"canonical\" href=\"https:\/\/inchauspe-bs.com\/index.php\/contacto\/\" \/>\n<meta property=\"og:locale\" content=\"es_ES\" \/>\n<meta property=\"og:type\" content=\"article\" \/>\n<meta property=\"og:title\" content=\"Contacta con INCHAUSPE | Consultor\u00eda estrat\u00e9gica\" \/>\n<meta property=\"og:description\" content=\"\u00bfQuieres impulsar tu negocio? Contacta con INCHAUSPE Business Services y agenda una reuni\u00f3n para valorar c\u00f3mo podemos ayudarte a crecer y mejorar tu empresa\" \/>\n<meta property=\"og:url\" content=\"https:\/\/inchauspe-bs.com\/index.php\/contacto\/\" \/>\n<meta property=\"og:site_name\" content=\"INCHAUSPE\" \/>\n<meta property=\"article:publisher\" content=\"https:\/\/www.facebook.com\/ikerinchauspe\/\" \/>\n<meta property=\"article:modified_time\" content=\"2026-02-04T17:08:27+00:00\" \/>\n<meta name=\"twitter:card\" content=\"summary_large_image\" \/>\n<meta name=\"twitter:site\" content=\"@Ikerinchauspe\" \/>\n<meta name=\"twitter:label1\" content=\"Tiempo de lectura\" \/>\n\t<meta name=\"twitter:data1\" content=\"1 minuto\" \/>\n<script type=\"application\/ld+json\" class=\"yoast-schema-graph\">{\"@context\":\"https:\/\/schema.org\",\"@graph\":[{\"@type\":\"WebPage\",\"@id\":\"https:\/\/inchauspe-bs.com\/index.php\/contacto\/\",\"url\":\"https:\/\/inchauspe-bs.com\/index.php\/contacto\/\",\"name\":\"Contacta con INCHAUSPE | Consultor\u00eda estrat\u00e9gica\",\"isPartOf\":{\"@id\":\"https:\/\/inchauspe-bs.com\/#website\"},\"datePublished\":\"2024-10-01T12:10:42+00:00\",\"dateModified\":\"2026-02-04T17:08:27+00:00\",\"description\":\"\u00bfQuieres impulsar tu negocio? Contacta con INCHAUSPE Business Services y agenda una reuni\u00f3n para valorar c\u00f3mo podemos ayudarte a crecer y mejorar tu empresa\",\"breadcrumb\":{\"@id\":\"https:\/\/inchauspe-bs.com\/index.php\/contacto\/#breadcrumb\"},\"inLanguage\":\"es\",\"potentialAction\":[{\"@type\":\"ReadAction\",\"target\":[\"https:\/\/inchauspe-bs.com\/index.php\/contacto\/\"]}]},{\"@type\":\"BreadcrumbList\",\"@id\":\"https:\/\/inchauspe-bs.com\/index.php\/contacto\/#breadcrumb\",\"itemListElement\":[{\"@type\":\"ListItem\",\"position\":1,\"name\":\"Portada\",\"item\":\"https:\/\/inchauspe-bs.com\/\"},{\"@type\":\"ListItem\",\"position\":2,\"name\":\"Contacto\"}]},{\"@type\":\"WebSite\",\"@id\":\"https:\/\/inchauspe-bs.com\/#website\",\"url\":\"https:\/\/inchauspe-bs.com\/\",\"name\":\"INCHAUSPE\",\"description\":\"BUSINESS SERVICES\",\"publisher\":{\"@id\":\"https:\/\/inchauspe-bs.com\/#organization\"},\"potentialAction\":[{\"@type\":\"SearchAction\",\"target\":{\"@type\":\"EntryPoint\",\"urlTemplate\":\"https:\/\/inchauspe-bs.com\/?s={search_term_string}\"},\"query-input\":{\"@type\":\"PropertyValueSpecification\",\"valueRequired\":true,\"valueName\":\"search_term_string\"}}],\"inLanguage\":\"es\"},{\"@type\":\"Organization\",\"@id\":\"https:\/\/inchauspe-bs.com\/#organization\",\"name\":\"INCHAUSPE\",\"url\":\"https:\/\/inchauspe-bs.com\/\",\"logo\":{\"@type\":\"ImageObject\",\"inLanguage\":\"es\",\"@id\":\"https:\/\/inchauspe-bs.com\/#\/schema\/logo\/image\/\",\"url\":\"https:\/\/inchauspe-bs.com\/wp-content\/uploads\/2024\/10\/logo-inchauspe.png\",\"contentUrl\":\"https:\/\/inchauspe-bs.com\/wp-content\/uploads\/2024\/10\/logo-inchauspe.png\",\"width\":685,\"height\":368,\"caption\":\"INCHAUSPE\"},\"image\":{\"@id\":\"https:\/\/inchauspe-bs.com\/#\/schema\/logo\/image\/\"},\"sameAs\":[\"https:\/\/www.facebook.com\/ikerinchauspe\/\",\"https:\/\/x.com\/Ikerinchauspe\",\"https:\/\/es.linkedin.com\/in\/iker-inchauspe-prego-72699518\"]}]}<\/script>\n<!-- \/ Yoast SEO plugin. -->","yoast_head_json":{"title":"Contacta con INCHAUSPE | Consultor\u00eda estrat\u00e9gica","description":"\u00bfQuieres impulsar tu negocio? Contacta con INCHAUSPE Business Services y agenda una reuni\u00f3n para valorar c\u00f3mo podemos ayudarte a crecer y mejorar tu empresa","robots":{"index":"index","follow":"follow","max-snippet":"max-snippet:-1","max-image-preview":"max-image-preview:large","max-video-preview":"max-video-preview:-1"},"canonical":"https:\/\/inchauspe-bs.com\/index.php\/contacto\/","og_locale":"es_ES","og_type":"article","og_title":"Contacta con INCHAUSPE | Consultor\u00eda estrat\u00e9gica","og_description":"\u00bfQuieres impulsar tu negocio? Contacta con INCHAUSPE Business Services y agenda una reuni\u00f3n para valorar c\u00f3mo podemos ayudarte a crecer y mejorar tu empresa","og_url":"https:\/\/inchauspe-bs.com\/index.php\/contacto\/","og_site_name":"INCHAUSPE","article_publisher":"https:\/\/www.facebook.com\/ikerinchauspe\/","article_modified_time":"2026-02-04T17:08:27+00:00","twitter_card":"summary_large_image","twitter_site":"@Ikerinchauspe","twitter_misc":{"Tiempo de lectura":"1 minuto"},"schema":{"@context":"https:\/\/schema.org","@graph":[{"@type":"WebPage","@id":"https:\/\/inchauspe-bs.com\/index.php\/contacto\/","url":"https:\/\/inchauspe-bs.com\/index.php\/contacto\/","name":"Contacta con INCHAUSPE | Consultor\u00eda estrat\u00e9gica","isPartOf":{"@id":"https:\/\/inchauspe-bs.com\/#website"},"datePublished":"2024-10-01T12:10:42+00:00","dateModified":"2026-02-04T17:08:27+00:00","description":"\u00bfQuieres impulsar tu negocio? Contacta con INCHAUSPE Business Services y agenda una reuni\u00f3n para valorar c\u00f3mo podemos ayudarte a crecer y mejorar tu empresa","breadcrumb":{"@id":"https:\/\/inchauspe-bs.com\/index.php\/contacto\/#breadcrumb"},"inLanguage":"es","potentialAction":[{"@type":"ReadAction","target":["https:\/\/inchauspe-bs.com\/index.php\/contacto\/"]}]},{"@type":"BreadcrumbList","@id":"https:\/\/inchauspe-bs.com\/index.php\/contacto\/#breadcrumb","itemListElement":[{"@type":"ListItem","position":1,"name":"Portada","item":"https:\/\/inchauspe-bs.com\/"},{"@type":"ListItem","position":2,"name":"Contacto"}]},{"@type":"WebSite","@id":"https:\/\/inchauspe-bs.com\/#website","url":"https:\/\/inchauspe-bs.com\/","name":"INCHAUSPE","description":"BUSINESS SERVICES","publisher":{"@id":"https:\/\/inchauspe-bs.com\/#organization"},"potentialAction":[{"@type":"SearchAction","target":{"@type":"EntryPoint","urlTemplate":"https:\/\/inchauspe-bs.com\/?s={search_term_string}"},"query-input":{"@type":"PropertyValueSpecification","valueRequired":true,"valueName":"search_term_string"}}],"inLanguage":"es"},{"@type":"Organization","@id":"https:\/\/inchauspe-bs.com\/#organization","name":"INCHAUSPE","url":"https:\/\/inchauspe-bs.com\/","logo":{"@type":"ImageObject","inLanguage":"es","@id":"https:\/\/inchauspe-bs.com\/#\/schema\/logo\/image\/","url":"https:\/\/inchauspe-bs.com\/wp-content\/uploads\/2024\/10\/logo-inchauspe.png","contentUrl":"https:\/\/inchauspe-bs.com\/wp-content\/uploads\/2024\/10\/logo-inchauspe.png","width":685,"height":368,"caption":"INCHAUSPE"},"image":{"@id":"https:\/\/inchauspe-bs.com\/#\/schema\/logo\/image\/"},"sameAs":["https:\/\/www.facebook.com\/ikerinchauspe\/","https:\/\/x.com\/Ikerinchauspe","https:\/\/es.linkedin.com\/in\/iker-inchauspe-prego-72699518"]}]}},"_links":{"self":[{"href":"https:\/\/inchauspe-bs.com\/index.php\/wp-json\/wp\/v2\/pages\/86","targetHints":{"allow":["GET"]}}],"collection":[{"href":"https:\/\/inchauspe-bs.com\/index.php\/wp-json\/wp\/v2\/pages"}],"about":[{"href":"https:\/\/inchauspe-bs.com\/index.php\/wp-json\/wp\/v2\/types\/page"}],"author":[{"embeddable":true,"href":"https:\/\/inchauspe-bs.com\/index.php\/wp-json\/wp\/v2\/users\/1"}],"replies":[{"embeddable":true,"href":"https:\/\/inchauspe-bs.com\/index.php\/wp-json\/wp\/v2\/comments?post=86"}],"version-history":[{"count":8,"href":"https:\/\/inchauspe-bs.com\/index.php\/wp-json\/wp\/v2\/pages\/86\/revisions"}],"predecessor-version":[{"id":228,"href":"https:\/\/inchauspe-bs.com\/index.php\/wp-json\/wp\/v2\/pages\/86\/revisions\/228"}],"wp:attachment":[{"href":"https:\/\/inchauspe-bs.com\/index.php\/wp-json\/wp\/v2\/media?parent=86"}],"curies":[{"name":"wp","href":"https:\/\/api.w.org\/{rel}","templated":true}]}}