{"id":84,"date":"2024-10-01T12:10:42","date_gmt":"2024-10-01T12:10:42","guid":{"rendered":"https:\/\/inchauspe-bs.com\/?page_id=84"},"modified":"2026-02-04T17:06:48","modified_gmt":"2026-02-04T17:06:48","slug":"propuestas","status":"publish","type":"page","link":"https:\/\/inchauspe-bs.com\/index.php\/propuestas\/","title":{"rendered":"Propuestas"},"content":{"rendered":"\n[et_pb_section fb_built=\u00bb1&#8243; specialty=\u00bbon\u00bb admin_label=\u00bbHero\u00bb _builder_version=\u00bb4.23.1&#8243; _module_preset=\u00bbdefault\u00bb locked=\u00bboff\u00bb collapsed=\u00bbon\u00bb global_colors_info=\u00bb{}\u00bb][et_pb_column type=\u00bb2_3&#8243; specialty_columns=\u00bb2&#8243; _builder_version=\u00bb4.16&#8243; _module_preset=\u00bbdefault\u00bb custom_padding=\u00bb|||\u00bb global_colors_info=\u00bb{}\u00bb custom_padding__hover=\u00bb|||\u00bb][et_pb_row_inner _builder_version=\u00bb4.17.6&#8243; _module_preset=\u00bbdefault\u00bb global_colors_info=\u00bb{}\u00bb][et_pb_column_inner saved_specialty_column_type=\u00bb2_3&#8243; _builder_version=\u00bb4.16&#8243; _module_preset=\u00bb73121f80-a3ef-4484-8763-c3f18e3c56d2&#8243; global_colors_info=\u00bb{}\u00bb][et_pb_heading title=\u00bbElaboraci\u00f3n de Propuestas Personalizadas\u00bb _builder_version=\u00bb4.27.2&#8243; _module_preset=\u00bbddeb8c09-9078-4424-bc15-2efb6572e28e\u00bb hover_enabled=\u00bb0&#8243; locked=\u00bboff\u00bb global_colors_info=\u00bb{%22gcid-body-color%22:%91%22title_text_color%22%93}\u00bb title_text_color=\u00bbgcid-body-color\u00bb sticky_enabled=\u00bb0&#8243;][\/et_pb_heading][et_pb_text _builder_version=\u00bb4.24.3&#8243; _module_preset=\u00bb2c55a9c4-feed-423b-9edb-ae0b5b365cac\u00bb locked=\u00bboff\u00bb global_colors_info=\u00bb{}\u00bb]<p>Descubre c\u00f3mo nuestras propuestas personalizadas pueden transformar tu negocio y llevarlo al siguiente nivel.<\/p>[\/et_pb_text][et_pb_button button_text=\u00bbSaber M\u00e1s\u00bb button_alignment=\u00bbcenter\u00bb _builder_version=\u00bb4.27.2&#8243; _module_preset=\u00bb1bffc0fc-42a0-49d1-bd9a-ae3ade2d7206&#8243; button_bg_color=\u00bb#E09900&#8243; locked=\u00bboff\u00bb global_colors_info=\u00bb{}\u00bb][\/et_pb_button][\/et_pb_column_inner][\/et_pb_row_inner][et_pb_row_inner column_structure=\u00bb1_2,1_2&#8243; _builder_version=\u00bb4.17.6&#8243; _module_preset=\u00bbdefault\u00bb locked=\u00bboff\u00bb global_colors_info=\u00bb{}\u00bb][et_pb_column_inner type=\u00bb1_2&#8243; saved_specialty_column_type=\u00bb2_3&#8243; _builder_version=\u00bb4.16&#8243; _module_preset=\u00bb73121f80-a3ef-4484-8763-c3f18e3c56d2&#8243; global_colors_info=\u00bb{}\u00bb][et_pb_blurb title=\u00bbPropuestas Efectivas\u00bb use_icon=\u00bbon\u00bb font_icon=\u00bb&#xe081;||divi||400&#8243; icon_color=\u00bbgcid-secondary-color\u00bb _builder_version=\u00bb4.27.2&#8243; _module_preset=\u00bb212b201d-2c34-41bd-936c-851b7357d08b\u00bb hover_enabled=\u00bb0&#8243; locked=\u00bboff\u00bb global_colors_info=\u00bb{%22gcid-primary-color%22:%91%22icon_color%22,%22body_link_text_color%22,%22icon_color%22,%22body_link_text_color%22%93,%22gcid-body-color%22:%91%22body_text_color%22,%22header_text_color%22%93,%22gcid-secondary-color%22:%91%22icon_color%22%93}\u00bb header_text_color=\u00bbgcid-body-color\u00bb sticky_enabled=\u00bb0&#8243;]<p>Dise\u00f1amos propuestas que se alinean perfectamente con las necesidades y objetivos de tu empresa.<\/p>[\/et_pb_blurb][\/et_pb_column_inner][et_pb_column_inner type=\u00bb1_2&#8243; saved_specialty_column_type=\u00bb2_3&#8243; _builder_version=\u00bb4.16&#8243; _module_preset=\u00bb73121f80-a3ef-4484-8763-c3f18e3c56d2&#8243; global_colors_info=\u00bb{}\u00bb][et_pb_blurb title=\u00bbImpacto en Negocios\u00bb use_icon=\u00bbon\u00bb font_icon=\u00bb&#xf621;||fa||900&#8243; icon_color=\u00bbgcid-secondary-color\u00bb _builder_version=\u00bb4.24.3&#8243; _module_preset=\u00bb212b201d-2c34-41bd-936c-851b7357d08b\u00bb locked=\u00bboff\u00bb global_colors_info=\u00bb{%22gcid-secondary-color%22:%91%22icon_color%22%93}\u00bb]<p>Nuestras propuestas han ayudado a numerosos clientes a alcanzar sus metas y superar sus expectativas.<\/p>[\/et_pb_blurb][\/et_pb_column_inner][\/et_pb_row_inner][\/et_pb_column][et_pb_column type=\u00bb1_3&#8243; _builder_version=\u00bb4.16&#8243; _module_preset=\u00bb73121f80-a3ef-4484-8763-c3f18e3c56d2&#8243; custom_padding=\u00bb|||\u00bb global_colors_info=\u00bb{}\u00bb custom_padding__hover=\u00bb|||\u00bb][et_pb_image src=\u00bbhttps:\/\/images.unsplash.com\/photo-1676119451563-0c4a1a37e019?ixid=M3w1ODkyNzF8MHwxfHNlYXJjaHwyfHxidXNpbmVzcyUyMG1lZXRpbmd8ZW58MHwxfHx8MTcyNzczMDIxMXww&#038;ixlib=rb-4.0.3&#038;fm=webp&#038;fit=crop&#038;crop=entropy&#038;w=800&#038;h=1080&#038;q=20&#038;dpr=2&#8243; title_text=\u00bb800&#215;1080&#8243; _builder_version=\u00bb4.25.2&#8243; _module_preset=\u00bb1cc6152f-565c-4c4d-b0c9-cf8c9576c341&#8243; custom_margin=\u00bb|-10vw|||false|false\u00bb custom_margin_tablet=\u00bb|0vw|||false|false\u00bb custom_margin_phone=\u00bb|0vw|||false|false\u00bb custom_margin_last_edited=\u00bbon|tablet\u00bb box_shadow_style=\u00bbpreset4&#8243; box_shadow_horizontal=\u00bb0px\u00bb box_shadow_vertical=\u00bb24px\u00bb box_shadow_blur=\u00bb72px\u00bb box_shadow_spread=\u00bb-12px\u00bb locked=\u00bboff\u00bb global_colors_info=\u00bb{}\u00bb][\/et_pb_image][\/et_pb_column][\/et_pb_section][et_pb_section fb_built=\u00bb1&#8243; admin_label=\u00bbAbout\u00bb _builder_version=\u00bb4.25.1&#8243; _module_preset=\u00bbdefault\u00bb locked=\u00bboff\u00bb collapsed=\u00bbon\u00bb global_colors_info=\u00bb{}\u00bb][et_pb_row _builder_version=\u00bb4.25.1&#8243; _module_preset=\u00bbdefault\u00bb global_colors_info=\u00bb{}\u00bb][et_pb_column type=\u00bb4_4&#8243; _builder_version=\u00bb4.25.1&#8243; _module_preset=\u00bbdefault\u00bb global_colors_info=\u00bb{}\u00bb][et_pb_heading title=\u00bb\u00bfQu\u00e9 Son las Propuestas Personalizadas?\u00bb _builder_version=\u00bb4.27.2&#8243; _module_preset=\u00bbc33f07d9-41e0-421a-8799-5799df695cce\u00bb title_text_align=\u00bbcenter\u00bb title_text_color=\u00bbgcid-body-color\u00bb global_colors_info=\u00bb{%22gcid-body-color%22:%91%22title_text_color%22%93}\u00bb][\/et_pb_heading][et_pb_text _builder_version=\u00bb4.25.1&#8243; _module_preset=\u00bb2c55a9c4-feed-423b-9edb-ae0b5b365cac\u00bb text_orientation=\u00bbcenter\u00bb global_colors_info=\u00bb{}\u00bb]<p>Las propuestas personalizadas son documentos detallados que se adaptan espec\u00edficamente a las necesidades y objetivos de cada cliente. Son esenciales para demostrar c\u00f3mo nuestros servicios pueden resolver problemas espec\u00edficos y agregar valor a sus negocios.<\/p>[\/et_pb_text][et_pb_image src=\u00bbhttps:\/\/images.unsplash.com\/photo-1557426272-fc759fdf7a8d?ixid=M3w1ODkyNzF8MHwxfHNlYXJjaHw0fHx0ZWFtJTIwY29sbGFib3JhdGlvbnxlbnwwfDB8fHwxNzI3NzA2MTE3fDA&#038;ixlib=rb-4.0.3&#038;fm=webp&#038;fit=crop&#038;crop=entropy&#038;w=1080&#038;h=600&#038;q=20&#038;dpr=2&#8243; title_text=\u00bb1080&#215;600&#8243; align=\u00bbcenter\u00bb _builder_version=\u00bb4.25.2&#8243; _module_preset=\u00bbdefault\u00bb global_colors_info=\u00bb{}\u00bb][\/et_pb_image][\/et_pb_column][\/et_pb_row][\/et_pb_section][et_pb_section fb_built=\u00bb1&#8243; admin_label=\u00bbHow It Works\u00bb _builder_version=\u00bb4.25.1&#8243; _module_preset=\u00bbdefault\u00bb collapsed=\u00bbon\u00bb global_colors_info=\u00bb{}\u00bb][et_pb_row _builder_version=\u00bb4.25.1&#8243; _module_preset=\u00bbdefault\u00bb locked=\u00bboff\u00bb global_colors_info=\u00bb{}\u00bb][et_pb_column type=\u00bb4_4&#8243; _builder_version=\u00bb4.25.1&#8243; _module_preset=\u00bbdefault\u00bb global_colors_info=\u00bb{}\u00bb][et_pb_heading title=\u00bb\u00bfC\u00f3mo Funciona?\u00bb _builder_version=\u00bb4.25.1&#8243; _module_preset=\u00bbc33f07d9-41e0-421a-8799-5799df695cce\u00bb title_text_color=\u00bbgcid-body-color\u00bb global_colors_info=\u00bb{%22gcid-body-color%22:%91%22title_text_color%22%93}\u00bb][\/et_pb_heading][\/et_pb_column][\/et_pb_row][et_pb_row column_structure=\u00bb1_3,2_3&#8243; _builder_version=\u00bb4.25.1&#8243; _module_preset=\u00bbdefault\u00bb border_color_all=\u00bbrgba(0,0,0,0.08)\u00bb border_width_bottom=\u00bb2px\u00bb global_colors_info=\u00bb{}\u00bb][et_pb_column type=\u00bb1_3&#8243; _builder_version=\u00bb4.25.1&#8243; _module_preset=\u00bbdefault\u00bb global_colors_info=\u00bb{}\u00bb][et_pb_heading title=\u00bbStep 1&#8243; module_class=\u00bbai_ignore_all\u00bb _builder_version=\u00bb4.25.1&#8243; _module_preset=\u00bb8c21dae4-c59d-4c2b-958c-0e045c7f06d6&#8243; title_text_color=\u00bbgcid-body-color\u00bb locked=\u00bboff\u00bb global_colors_info=\u00bb{%22gcid-body-color%22:%91%22title_text_color%22%93}\u00bb][\/et_pb_heading][\/et_pb_column][et_pb_column type=\u00bb2_3&#8243; _builder_version=\u00bb4.25.1&#8243; _module_preset=\u00bbdefault\u00bb global_colors_info=\u00bb{}\u00bb][et_pb_text _builder_version=\u00bb4.25.2&#8243; _module_preset=\u00bb2c55a9c4-feed-423b-9edb-ae0b5b365cac\u00bb locked=\u00bboff\u00bb global_colors_info=\u00bb{}\u00bb]<p>Reuni\u00f3n Inicial: Nos reunimos contigo para entender tus necesidades y objetivos.<\/p>[\/et_pb_text][\/et_pb_column][\/et_pb_row][et_pb_row column_structure=\u00bb1_3,2_3&#8243; _builder_version=\u00bb4.25.1&#8243; _module_preset=\u00bbdefault\u00bb border_color_all=\u00bbrgba(0,0,0,0.08)\u00bb border_width_bottom=\u00bb2px\u00bb global_colors_info=\u00bb{}\u00bb][et_pb_column type=\u00bb1_3&#8243; _builder_version=\u00bb4.25.1&#8243; _module_preset=\u00bbdefault\u00bb global_colors_info=\u00bb{}\u00bb][et_pb_heading title=\u00bbStep 2&#8243; module_class=\u00bbai_ignore_all\u00bb _builder_version=\u00bb4.25.1&#8243; _module_preset=\u00bb8c21dae4-c59d-4c2b-958c-0e045c7f06d6&#8243; title_text_color=\u00bbgcid-body-color\u00bb locked=\u00bboff\u00bb global_colors_info=\u00bb{%22gcid-body-color%22:%91%22title_text_color%22%93}\u00bb][\/et_pb_heading][\/et_pb_column][et_pb_column type=\u00bb2_3&#8243; _builder_version=\u00bb4.25.1&#8243; _module_preset=\u00bbdefault\u00bb global_colors_info=\u00bb{}\u00bb][et_pb_text _builder_version=\u00bb4.25.2&#8243; _module_preset=\u00bb2c55a9c4-feed-423b-9edb-ae0b5b365cac\u00bb locked=\u00bboff\u00bb global_colors_info=\u00bb{}\u00bb]<p>Desarrollo de Propuesta: Creamos una propuesta detallada que aborda tus requerimientos espec\u00edficos.<\/p>[\/et_pb_text][\/et_pb_column][\/et_pb_row][et_pb_row column_structure=\u00bb1_3,2_3&#8243; _builder_version=\u00bb4.25.1&#8243; _module_preset=\u00bbdefault\u00bb border_color_all=\u00bbrgba(0,0,0,0.08)\u00bb border_width_bottom=\u00bb2px\u00bb global_colors_info=\u00bb{}\u00bb][et_pb_column type=\u00bb1_3&#8243; _builder_version=\u00bb4.25.1&#8243; _module_preset=\u00bbdefault\u00bb global_colors_info=\u00bb{}\u00bb][et_pb_heading title=\u00bbStep 3&#8243; module_class=\u00bbai_ignore_all\u00bb _builder_version=\u00bb4.25.1&#8243; _module_preset=\u00bb8c21dae4-c59d-4c2b-958c-0e045c7f06d6&#8243; title_text_color=\u00bbgcid-body-color\u00bb locked=\u00bboff\u00bb global_colors_info=\u00bb{%22gcid-body-color%22:%91%22title_text_color%22%93}\u00bb][\/et_pb_heading][\/et_pb_column][et_pb_column type=\u00bb2_3&#8243; _builder_version=\u00bb4.25.1&#8243; _module_preset=\u00bbdefault\u00bb global_colors_info=\u00bb{}\u00bb][et_pb_text _builder_version=\u00bb4.25.2&#8243; _module_preset=\u00bb2c55a9c4-feed-423b-9edb-ae0b5b365cac\u00bb locked=\u00bboff\u00bb global_colors_info=\u00bb{}\u00bb]<p>Presentaci\u00f3n y Revisi\u00f3n: Presentamos la propuesta y hacemos ajustes seg\u00fan tus comentarios.<\/p>[\/et_pb_text][\/et_pb_column][\/et_pb_row][et_pb_row _builder_version=\u00bb4.25.1&#8243; _module_preset=\u00bbdefault\u00bb locked=\u00bboff\u00bb global_colors_info=\u00bb{}\u00bb][et_pb_column type=\u00bb4_4&#8243; _builder_version=\u00bb4.25.1&#8243; _module_preset=\u00bbdefault\u00bb global_colors_info=\u00bb{}\u00bb][et_pb_button button_text=\u00bbComienza Ahora\u00bb button_alignment=\u00bbcenter\u00bb _builder_version=\u00bb4.27.2&#8243; _module_preset=\u00bb1bffc0fc-42a0-49d1-bd9a-ae3ade2d7206&#8243; button_bg_color=\u00bb#E09900&#8243; global_colors_info=\u00bb{}\u00bb][\/et_pb_button][\/et_pb_column][\/et_pb_row][\/et_pb_section][et_pb_section fb_built=\u00bb1&#8243; admin_label=\u00bbCall to Action\u00bb _builder_version=\u00bb4.17.6&#8243; _module_preset=\u00bbdefault\u00bb locked=\u00bboff\u00bb collapsed=\u00bbon\u00bb global_colors_info=\u00bb{}\u00bb][et_pb_row column_structure=\u00bb1_2,1_2&#8243; _builder_version=\u00bb4.17.6&#8243; _module_preset=\u00bb5138c454-be54-4233-bd3b-f8e6a8747976&#8243; global_colors_info=\u00bb{}\u00bb][et_pb_column type=\u00bb1_2&#8243; _builder_version=\u00bb4.16&#8243; _module_preset=\u00bb73121f80-a3ef-4484-8763-c3f18e3c56d2&#8243; global_colors_info=\u00bb{}\u00bb][et_pb_image src=\u00bbhttps:\/\/images.unsplash.com\/photo-1522881193457-37ae97c905bf?ixid=M3w1ODkyNzF8MHwxfHNlYXJjaHw2fHxwcm9mZXNzaW9uYWwlMjBjb25zdWx0YXRpb258ZW58MHwwfHx8MTcyNzcxMDEzMHww&#038;ixlib=rb-4.0.3&#038;fm=webp&#038;fit=crop&#038;crop=entropy&#038;w=800&#038;h=600&#038;q=20&#038;dpr=2&#8243; title_text=\u00bb800&#215;600&#8243; _builder_version=\u00bb4.24.3&#8243; _module_preset=\u00bb6ed8fd5c-62c5-4100-98c3-7b8b6d2c2ee6&#8243; global_colors_info=\u00bb{}\u00bb][\/et_pb_image][\/et_pb_column][et_pb_column type=\u00bb1_2&#8243; _builder_version=\u00bb4.16&#8243; _module_preset=\u00bb73121f80-a3ef-4484-8763-c3f18e3c56d2&#8243; global_colors_info=\u00bb{}\u00bb][et_pb_heading title=\u00bbCont\u00e1ctanos para M\u00e1s Informaci\u00f3n\u00bb _builder_version=\u00bb4.24.3&#8243; _module_preset=\u00bbc33f07d9-41e0-421a-8799-5799df695cce\u00bb title_text_color=\u00bbgcid-body-color\u00bb global_colors_info=\u00bb{%22gcid-body-color%22:%91%22title_text_color%22%93}\u00bb][\/et_pb_heading][et_pb_text _builder_version=\u00bb4.24.2&#8243; _module_preset=\u00bb2c55a9c4-feed-423b-9edb-ae0b5b365cac\u00bb locked=\u00bboff\u00bb global_colors_info=\u00bb{}\u00bb]<p>\u00bfInteresado en mejorar tu negocio con propuestas personalizadas? Ponte en contacto con nosotros hoy mismo y descubre c\u00f3mo INCHAUSPE puede ayudarte a alcanzar tus objetivos empresariales.<\/p>[\/et_pb_text][et_pb_button button_text=\u00bbSolicitar Informaci\u00f3n\u00bb button_alignment=\u00bbcenter\u00bb _builder_version=\u00bb4.27.2&#8243; _module_preset=\u00bb1bffc0fc-42a0-49d1-bd9a-ae3ade2d7206&#8243; button_bg_color=\u00bb#E09900&#8243; locked=\u00bboff\u00bb global_colors_info=\u00bb{}\u00bb][\/et_pb_button][\/et_pb_column][\/et_pb_row][\/et_pb_section]\n","protected":false},"excerpt":{"rendered":"<p>Descubre c\u00f3mo nuestras propuestas personalizadas pueden transformar tu negocio y llevarlo al siguiente nivel.Dise\u00f1amos propuestas que se alinean perfectamente con las necesidades y objetivos de tu empresa.Nuestras propuestas han ayudado a numerosos clientes a alcanzar sus metas y superar sus expectativas.Las propuestas personalizadas son documentos detallados que se adaptan espec\u00edficamente a las necesidades y objetivos [&hellip;]<\/p>\n","protected":false},"author":1,"featured_media":0,"parent":0,"menu_order":0,"comment_status":"closed","ping_status":"closed","template":"","meta":{"_et_pb_use_builder":"on","_et_pb_old_content":"","_et_gb_content_width":"","footnotes":""},"class_list":["post-84","page","type-page","status-publish","hentry"],"yoast_head":"<!-- This site is optimized with the Yoast SEO plugin v26.9 - https:\/\/yoast.com\/product\/yoast-seo-wordpress\/ -->\n<title>Propuestas de consultor\u00eda a medida para tu empresa<\/title>\n<meta name=\"description\" content=\"Solicita una propuesta de consultor\u00eda personalizada seg\u00fan las necesidades de tu empresa. Analizamos tu situaci\u00f3n y dise\u00f1amos un plan de acci\u00f3n claro para impulsar resultados reales.\" \/>\n<meta name=\"robots\" content=\"index, follow, max-snippet:-1, max-image-preview:large, max-video-preview:-1\" \/>\n<link rel=\"canonical\" href=\"https:\/\/inchauspe-bs.com\/index.php\/propuestas\/\" \/>\n<meta property=\"og:locale\" content=\"es_ES\" \/>\n<meta property=\"og:type\" content=\"article\" \/>\n<meta property=\"og:title\" content=\"Propuestas de consultor\u00eda a medida para tu empresa\" \/>\n<meta property=\"og:description\" content=\"Solicita una propuesta de consultor\u00eda personalizada seg\u00fan las necesidades de tu empresa. Analizamos tu situaci\u00f3n y dise\u00f1amos un plan de acci\u00f3n claro para impulsar resultados reales.\" \/>\n<meta property=\"og:url\" content=\"https:\/\/inchauspe-bs.com\/index.php\/propuestas\/\" \/>\n<meta property=\"og:site_name\" content=\"INCHAUSPE\" \/>\n<meta property=\"article:publisher\" content=\"https:\/\/www.facebook.com\/ikerinchauspe\/\" \/>\n<meta property=\"article:modified_time\" content=\"2026-02-04T17:06:48+00:00\" \/>\n<meta name=\"twitter:card\" content=\"summary_large_image\" \/>\n<meta name=\"twitter:site\" content=\"@Ikerinchauspe\" \/>\n<meta name=\"twitter:label1\" content=\"Tiempo de lectura\" \/>\n\t<meta name=\"twitter:data1\" content=\"2 minutos\" \/>\n<script type=\"application\/ld+json\" class=\"yoast-schema-graph\">{\"@context\":\"https:\/\/schema.org\",\"@graph\":[{\"@type\":\"WebPage\",\"@id\":\"https:\/\/inchauspe-bs.com\/index.php\/propuestas\/\",\"url\":\"https:\/\/inchauspe-bs.com\/index.php\/propuestas\/\",\"name\":\"Propuestas de consultor\u00eda a medida para tu empresa\",\"isPartOf\":{\"@id\":\"https:\/\/inchauspe-bs.com\/#website\"},\"datePublished\":\"2024-10-01T12:10:42+00:00\",\"dateModified\":\"2026-02-04T17:06:48+00:00\",\"description\":\"Solicita una propuesta de consultor\u00eda personalizada seg\u00fan las necesidades de tu empresa. Analizamos tu situaci\u00f3n y dise\u00f1amos un plan de acci\u00f3n claro para impulsar resultados reales.\",\"breadcrumb\":{\"@id\":\"https:\/\/inchauspe-bs.com\/index.php\/propuestas\/#breadcrumb\"},\"inLanguage\":\"es\",\"potentialAction\":[{\"@type\":\"ReadAction\",\"target\":[\"https:\/\/inchauspe-bs.com\/index.php\/propuestas\/\"]}]},{\"@type\":\"BreadcrumbList\",\"@id\":\"https:\/\/inchauspe-bs.com\/index.php\/propuestas\/#breadcrumb\",\"itemListElement\":[{\"@type\":\"ListItem\",\"position\":1,\"name\":\"Portada\",\"item\":\"https:\/\/inchauspe-bs.com\/\"},{\"@type\":\"ListItem\",\"position\":2,\"name\":\"Propuestas\"}]},{\"@type\":\"WebSite\",\"@id\":\"https:\/\/inchauspe-bs.com\/#website\",\"url\":\"https:\/\/inchauspe-bs.com\/\",\"name\":\"INCHAUSPE\",\"description\":\"BUSINESS SERVICES\",\"publisher\":{\"@id\":\"https:\/\/inchauspe-bs.com\/#organization\"},\"potentialAction\":[{\"@type\":\"SearchAction\",\"target\":{\"@type\":\"EntryPoint\",\"urlTemplate\":\"https:\/\/inchauspe-bs.com\/?s={search_term_string}\"},\"query-input\":{\"@type\":\"PropertyValueSpecification\",\"valueRequired\":true,\"valueName\":\"search_term_string\"}}],\"inLanguage\":\"es\"},{\"@type\":\"Organization\",\"@id\":\"https:\/\/inchauspe-bs.com\/#organization\",\"name\":\"INCHAUSPE\",\"url\":\"https:\/\/inchauspe-bs.com\/\",\"logo\":{\"@type\":\"ImageObject\",\"inLanguage\":\"es\",\"@id\":\"https:\/\/inchauspe-bs.com\/#\/schema\/logo\/image\/\",\"url\":\"https:\/\/inchauspe-bs.com\/wp-content\/uploads\/2024\/10\/logo-inchauspe.png\",\"contentUrl\":\"https:\/\/inchauspe-bs.com\/wp-content\/uploads\/2024\/10\/logo-inchauspe.png\",\"width\":685,\"height\":368,\"caption\":\"INCHAUSPE\"},\"image\":{\"@id\":\"https:\/\/inchauspe-bs.com\/#\/schema\/logo\/image\/\"},\"sameAs\":[\"https:\/\/www.facebook.com\/ikerinchauspe\/\",\"https:\/\/x.com\/Ikerinchauspe\",\"https:\/\/es.linkedin.com\/in\/iker-inchauspe-prego-72699518\"]}]}<\/script>\n<!-- \/ Yoast SEO plugin. -->","yoast_head_json":{"title":"Propuestas de consultor\u00eda a medida para tu empresa","description":"Solicita una propuesta de consultor\u00eda personalizada seg\u00fan las necesidades de tu empresa. Analizamos tu situaci\u00f3n y dise\u00f1amos un plan de acci\u00f3n claro para impulsar resultados reales.","robots":{"index":"index","follow":"follow","max-snippet":"max-snippet:-1","max-image-preview":"max-image-preview:large","max-video-preview":"max-video-preview:-1"},"canonical":"https:\/\/inchauspe-bs.com\/index.php\/propuestas\/","og_locale":"es_ES","og_type":"article","og_title":"Propuestas de consultor\u00eda a medida para tu empresa","og_description":"Solicita una propuesta de consultor\u00eda personalizada seg\u00fan las necesidades de tu empresa. Analizamos tu situaci\u00f3n y dise\u00f1amos un plan de acci\u00f3n claro para impulsar resultados reales.","og_url":"https:\/\/inchauspe-bs.com\/index.php\/propuestas\/","og_site_name":"INCHAUSPE","article_publisher":"https:\/\/www.facebook.com\/ikerinchauspe\/","article_modified_time":"2026-02-04T17:06:48+00:00","twitter_card":"summary_large_image","twitter_site":"@Ikerinchauspe","twitter_misc":{"Tiempo de lectura":"2 minutos"},"schema":{"@context":"https:\/\/schema.org","@graph":[{"@type":"WebPage","@id":"https:\/\/inchauspe-bs.com\/index.php\/propuestas\/","url":"https:\/\/inchauspe-bs.com\/index.php\/propuestas\/","name":"Propuestas de consultor\u00eda a medida para tu empresa","isPartOf":{"@id":"https:\/\/inchauspe-bs.com\/#website"},"datePublished":"2024-10-01T12:10:42+00:00","dateModified":"2026-02-04T17:06:48+00:00","description":"Solicita una propuesta de consultor\u00eda personalizada seg\u00fan las necesidades de tu empresa. Analizamos tu situaci\u00f3n y dise\u00f1amos un plan de acci\u00f3n claro para impulsar resultados reales.","breadcrumb":{"@id":"https:\/\/inchauspe-bs.com\/index.php\/propuestas\/#breadcrumb"},"inLanguage":"es","potentialAction":[{"@type":"ReadAction","target":["https:\/\/inchauspe-bs.com\/index.php\/propuestas\/"]}]},{"@type":"BreadcrumbList","@id":"https:\/\/inchauspe-bs.com\/index.php\/propuestas\/#breadcrumb","itemListElement":[{"@type":"ListItem","position":1,"name":"Portada","item":"https:\/\/inchauspe-bs.com\/"},{"@type":"ListItem","position":2,"name":"Propuestas"}]},{"@type":"WebSite","@id":"https:\/\/inchauspe-bs.com\/#website","url":"https:\/\/inchauspe-bs.com\/","name":"INCHAUSPE","description":"BUSINESS SERVICES","publisher":{"@id":"https:\/\/inchauspe-bs.com\/#organization"},"potentialAction":[{"@type":"SearchAction","target":{"@type":"EntryPoint","urlTemplate":"https:\/\/inchauspe-bs.com\/?s={search_term_string}"},"query-input":{"@type":"PropertyValueSpecification","valueRequired":true,"valueName":"search_term_string"}}],"inLanguage":"es"},{"@type":"Organization","@id":"https:\/\/inchauspe-bs.com\/#organization","name":"INCHAUSPE","url":"https:\/\/inchauspe-bs.com\/","logo":{"@type":"ImageObject","inLanguage":"es","@id":"https:\/\/inchauspe-bs.com\/#\/schema\/logo\/image\/","url":"https:\/\/inchauspe-bs.com\/wp-content\/uploads\/2024\/10\/logo-inchauspe.png","contentUrl":"https:\/\/inchauspe-bs.com\/wp-content\/uploads\/2024\/10\/logo-inchauspe.png","width":685,"height":368,"caption":"INCHAUSPE"},"image":{"@id":"https:\/\/inchauspe-bs.com\/#\/schema\/logo\/image\/"},"sameAs":["https:\/\/www.facebook.com\/ikerinchauspe\/","https:\/\/x.com\/Ikerinchauspe","https:\/\/es.linkedin.com\/in\/iker-inchauspe-prego-72699518"]}]}},"_links":{"self":[{"href":"https:\/\/inchauspe-bs.com\/index.php\/wp-json\/wp\/v2\/pages\/84","targetHints":{"allow":["GET"]}}],"collection":[{"href":"https:\/\/inchauspe-bs.com\/index.php\/wp-json\/wp\/v2\/pages"}],"about":[{"href":"https:\/\/inchauspe-bs.com\/index.php\/wp-json\/wp\/v2\/types\/page"}],"author":[{"embeddable":true,"href":"https:\/\/inchauspe-bs.com\/index.php\/wp-json\/wp\/v2\/users\/1"}],"replies":[{"embeddable":true,"href":"https:\/\/inchauspe-bs.com\/index.php\/wp-json\/wp\/v2\/comments?post=84"}],"version-history":[{"count":6,"href":"https:\/\/inchauspe-bs.com\/index.php\/wp-json\/wp\/v2\/pages\/84\/revisions"}],"predecessor-version":[{"id":227,"href":"https:\/\/inchauspe-bs.com\/index.php\/wp-json\/wp\/v2\/pages\/84\/revisions\/227"}],"wp:attachment":[{"href":"https:\/\/inchauspe-bs.com\/index.php\/wp-json\/wp\/v2\/media?parent=84"}],"curies":[{"name":"wp","href":"https:\/\/api.w.org\/{rel}","templated":true}]}}